{"id":924,"date":"2021-05-09T13:00:17","date_gmt":"2021-05-09T11:00:17","guid":{"rendered":"http:\/\/cafeannablume.de\/?page_id=924"},"modified":"2021-05-12T18:09:11","modified_gmt":"2021-05-12T16:09:11","slug":"impressum-e","status":"publish","type":"page","link":"https:\/\/cafe-anna-blume.de\/en\/impressum-e\/","title":{"rendered":"Legal notice"},"content":{"rendered":"\n<p><strong>Verantwortlich f\u00fcr den Inhalt:<\/strong><br>Caf\u00e9 Anna Blume GmbH &amp; Co. KG<br>Kollwitzstra\u00dfe 83<br>10435 Berlin<br>Phone: (030) 44 04 87 49 or (030) 44 04 86 41<br>Fax: (030) 41715063<br>E-Mail:\u00a0<a rel=\"noreferrer noopener\" href=\"mailto:info@cafe-anna-blume.de\" target=\"_blank\">info@cafe-anna-blume.de<\/a><\/p>\n\n\n\n<p><strong>Pers\u00f6nlich haftende Gesellschafter:<\/strong><br>Britta Biebach, Sybille Hirsch, Axel Rautenberg<br>Die Biebach\/Hirsch\/Rautenberg GbR \u00fcbernimmt keine Haftung oder Garantie f\u00fcr die Richtigkeit der enthaltenen Informationen und ist nicht verantwortlich f\u00fcr den Inhalt und die Richtigkeit der Internetseiten, die per Link erreicht werden k\u00f6nnen. Inhalt und Aufbau der Internetseite \u00bbcafe-anna-blume.de\u00ab ist urheberrechtlich gesch\u00fctzt. Die Vervielf\u00e4ltigung von Informationen oder Daten sowie die Verwendung von Texten, Textteilen oder Bildmaterial bedarf der vorherigen Zustimmung der Biebach\/Hirsch\/Rautenberg GbR.<br><br><strong>Webdesign:<\/strong><br>cubus GbR Dahlhauser Hein<br><a href=\"http:\/\/www.cubusberlin.com\" target=\"_blank\" rel=\"noreferrer noopener\">www.cubusberlin.com<\/a><\/p>\n\n\n\n<p><strong>Redaktionelle Bearbeitung:<\/strong><br>Axinia Voigtl\u00e4nder<br><br><strong>\u00dcbersetzung:<\/strong><br>xxxxxx<\/p>\n\n\n\n<p><strong>Bildquellen:<\/strong><br>\u00a9 stock.adobe.com &#8211; <a href=\"https:\/\/stock.adobe.com\/de\/contributor\/44101\/anna-chelnokova?load_type=author&amp;prev_url=detail\">Anna Chelnokova<\/a><\/p>\n","protected":false},"excerpt":{"rendered":"<p>Verantwortlich f\u00fcr den Inhalt:Caf\u00e9 Anna Blume GmbH &amp; Co. KGKollwitzstra\u00dfe 8310435 BerlinPhone: (030) 44 04 87 49 or (030) 44 04 86 41Fax: (030) 41715063E-Mail:\u00a0info@cafe-anna-blume.de Pers\u00f6nlich haftende Gesellschafter:Britta Biebach, Sybille Hirsch, Axel RautenbergDie Biebach\/Hirsch\/Rautenberg GbR \u00fcbernimmt keine Haftung oder Garantie f\u00fcr die Richtigkeit der enthaltenen Informationen und ist nicht verantwortlich f\u00fcr den Inhalt und die [&hellip;]<\/p>\n","protected":false},"author":1,"featured_media":0,"parent":0,"menu_order":2,"comment_status":"closed","ping_status":"closed","template":"templates\/page-ex.php","meta":{"_acf_changed":false,"inline_featured_image":false,"footnotes":""},"class_list":["post-924","page","type-page","status-publish","hentry"],"acf":[],"_links":{"self":[{"href":"https:\/\/cafe-anna-blume.de\/en\/wp-json\/wp\/v2\/pages\/924"}],"collection":[{"href":"https:\/\/cafe-anna-blume.de\/en\/wp-json\/wp\/v2\/pages"}],"about":[{"href":"https:\/\/cafe-anna-blume.de\/en\/wp-json\/wp\/v2\/types\/page"}],"author":[{"embeddable":true,"href":"https:\/\/cafe-anna-blume.de\/en\/wp-json\/wp\/v2\/users\/1"}],"replies":[{"embeddable":true,"href":"https:\/\/cafe-anna-blume.de\/en\/wp-json\/wp\/v2\/comments?post=924"}],"version-history":[{"count":3,"href":"https:\/\/cafe-anna-blume.de\/en\/wp-json\/wp\/v2\/pages\/924\/revisions"}],"predecessor-version":[{"id":1103,"href":"https:\/\/cafe-anna-blume.de\/en\/wp-json\/wp\/v2\/pages\/924\/revisions\/1103"}],"wp:attachment":[{"href":"https:\/\/cafe-anna-blume.de\/en\/wp-json\/wp\/v2\/media?parent=924"}],"curies":[{"name":"wp","href":"https:\/\/api.w.org\/{rel}","templated":true}]}}